{"id":18,"date":"2025-02-10T19:53:24","date_gmt":"2025-02-10T18:53:24","guid":{"rendered":"https:\/\/cms4vent.de\/?page_id=18"},"modified":"2025-08-26T15:22:11","modified_gmt":"2025-08-26T13:22:11","slug":"startseite","status":"publish","type":"page","link":"https:\/\/cms4vent.de\/","title":{"rendered":"Startseite"},"content":{"rendered":"\n<div class=\"wp-block-cover alignfull has-parallax has-custom-content-position is-position-bottom-center\" style=\"padding-top:var(--wp--preset--spacing--80);padding-right:var(--wp--preset--spacing--80);padding-bottom:var(--wp--preset--spacing--80);padding-left:var(--wp--preset--spacing--80);min-height:720px;aspect-ratio:unset;\"><div class=\"wp-block-cover__image-background wp-image-125 has-parallax\" style=\"background-position:50% 50%;background-image:url(https:\/\/cms4vent.de\/wp-content\/uploads\/2025\/03\/medical-banner-with-doctor-working-laptop-1-scaled.jpg)\"><\/div><span aria-hidden=\"true\" class=\"wp-block-cover__background has-background-dim-70 has-background-dim wp-block-cover__gradient-background has-background-gradient\" style=\"background:linear-gradient(135deg,rgba(3,3,130,0.72) 0%,rgba(40,118,252,0.88) 100%)\"><\/span><div class=\"wp-block-cover__inner-container is-layout-flow wp-block-cover-is-layout-flow\">\n<div class=\"inherit-container-width wp-block-group alignwide is-layout-constrained wp-block-group-is-layout-constrained\">\n<h1 class=\"wp-block-heading has-white-color has-text-color\">CMS4VENT<\/h1>\n\n\n\n<p class=\"has-ast-global-color-4-color has-text-color has-link-color wp-elements-ad23c1c6b13a297a2fdde58073def457\" style=\"font-size:25px\">Digitale Patient:innen &#8211; Simulation<\/p>\n\n\n\n<div class=\"wp-block-buttons is-layout-flex wp-block-buttons-is-layout-flex\">\n<div class=\"wp-block-button\"><a class=\"wp-block-button__link wp-element-button\" href=\"#vorhaben\">UNSER VORHABEN<\/a><\/div>\n<\/div>\n<\/div>\n<\/div><\/div>\n\n\n\n<div class=\"wp-block-group alignwide has-ast-global-color-5-background-color has-background is-content-justification-center is-layout-constrained wp-container-core-group-is-layout-6c94702f wp-block-group-is-layout-constrained\" id=\"test\" style=\"padding-bottom:0px\">\n<div class=\"wp-block-columns are-vertically-aligned-top is-layout-flex wp-container-core-columns-is-layout-00723822 wp-block-columns-is-layout-flex\">\n<div class=\"wp-block-column is-vertically-aligned-top is-layout-flow wp-container-core-column-is-layout-6b73ce23 wp-block-column-is-layout-flow\">\n<figure class=\"wp-block-image aligncenter size-medium is-resized has-custom-border is-style-default\" style=\"margin-top:0;margin-right:0;margin-bottom:0;margin-left:0\"><img loading=\"lazy\" decoding=\"async\" width=\"300\" height=\"300\" src=\"https:\/\/cms4vent.de\/wp-content\/uploads\/2025\/03\/pharmacy-1-300x300.png\" alt=\"\" class=\"wp-image-150\" style=\"border-style:none;border-width:0px;width:auto;height:50px\" srcset=\"https:\/\/cms4vent.de\/wp-content\/uploads\/2025\/03\/pharmacy-1-300x300.png 300w, https:\/\/cms4vent.de\/wp-content\/uploads\/2025\/03\/pharmacy-1-150x150.png 150w, https:\/\/cms4vent.de\/wp-content\/uploads\/2025\/03\/pharmacy-1.png 512w\" sizes=\"auto, (max-width: 300px) 100vw, 300px\" \/><\/figure>\n\n\n\n<h4 class=\"wp-block-heading has-text-align-center\" style=\"margin-top:16px\">Tierversuche <br>reduzieren<\/h4>\n\n\n\n<p class=\"has-text-align-left has-small-font-size\">durch die Etablierun von In silico Trials als Alternative zum Tierversuch (im Sinne des 3R-Konzeptes).<\/p>\n<\/div>\n\n\n\n<div class=\"wp-block-column is-vertically-aligned-top is-layout-flow wp-container-core-column-is-layout-6b73ce23 wp-block-column-is-layout-flow\">\n<figure class=\"wp-block-image aligncenter size-full is-resized has-custom-border is-style-default wp-duotone-midnight\"><img loading=\"lazy\" decoding=\"async\" width=\"512\" height=\"512\" src=\"https:\/\/cms4vent.de\/wp-content\/uploads\/2025\/03\/technology-1.png\" alt=\"\" class=\"wp-image-152\" style=\"border-style:none;border-width:0px;width:auto;height:50px\" srcset=\"https:\/\/cms4vent.de\/wp-content\/uploads\/2025\/03\/technology-1.png 512w, https:\/\/cms4vent.de\/wp-content\/uploads\/2025\/03\/technology-1-300x300.png 300w, https:\/\/cms4vent.de\/wp-content\/uploads\/2025\/03\/technology-1-150x150.png 150w\" sizes=\"auto, (max-width: 512px) 100vw, 512px\" \/><\/figure>\n\n\n\n<h4 class=\"wp-block-heading has-text-align-center\" style=\"margin-top:16px\">Automatisierung<br>beschleunigen<\/h4>\n\n\n\n<p class=\"has-text-align-left has-small-font-size\">durch den entwicklungsbegleitenden Einsatz von digitalen Patient:innen-Modellen.<\/p>\n<\/div>\n\n\n\n<div class=\"wp-block-column is-vertically-aligned-top is-layout-flow wp-container-core-column-is-layout-6b73ce23 wp-block-column-is-layout-flow\">\n<figure class=\"wp-block-image aligncenter size-full is-resized has-custom-border is-style-default wp-duotone-midnight\"><img loading=\"lazy\" decoding=\"async\" width=\"512\" height=\"512\" src=\"https:\/\/cms4vent.de\/wp-content\/uploads\/2025\/03\/exclude-1.png\" alt=\"\" class=\"wp-image-153\" style=\"border-style:none;border-width:0px;width:auto;height:50px\" srcset=\"https:\/\/cms4vent.de\/wp-content\/uploads\/2025\/03\/exclude-1.png 512w, https:\/\/cms4vent.de\/wp-content\/uploads\/2025\/03\/exclude-1-300x300.png 300w, https:\/\/cms4vent.de\/wp-content\/uploads\/2025\/03\/exclude-1-150x150.png 150w\" sizes=\"auto, (max-width: 512px) 100vw, 512px\" \/><\/figure>\n\n\n\n<h4 class=\"wp-block-heading has-text-align-center\" style=\"margin-top:16px\">Personalisierte Medizin<br>vorantreiben<\/h4>\n\n\n\n<p class=\"has-text-align-left has-small-font-size\">durch indivualisierbare digitale Patient:innen-Modelle, die (patho-)physiologische Prozesse simulieren.<\/p>\n<\/div>\n\n\n\n<div class=\"wp-block-column is-vertically-aligned-top is-layout-flow wp-container-core-column-is-layout-6b73ce23 wp-block-column-is-layout-flow\">\n<figure class=\"wp-block-image aligncenter size-full is-resized has-custom-border is-style-default\"><img loading=\"lazy\" decoding=\"async\" width=\"512\" height=\"512\" src=\"https:\/\/cms4vent.de\/wp-content\/uploads\/2025\/03\/verification.png\" alt=\"\" class=\"wp-image-146\" style=\"border-style:none;border-width:0px;width:auto;height:50px\" srcset=\"https:\/\/cms4vent.de\/wp-content\/uploads\/2025\/03\/verification.png 512w, https:\/\/cms4vent.de\/wp-content\/uploads\/2025\/03\/verification-300x300.png 300w, https:\/\/cms4vent.de\/wp-content\/uploads\/2025\/03\/verification-150x150.png 150w\" sizes=\"auto, (max-width: 512px) 100vw, 512px\" \/><\/figure>\n\n\n\n<h4 class=\"wp-block-heading has-text-align-center\" style=\"margin-top:16px\">V&amp;V &#8211; Methodik<br>etablieren<\/h4>\n\n\n\n<p class=\"has-text-align-left has-small-font-size\">f\u00fcr bestehende und zu entwickelnde Simulationsmodelle.<\/p>\n<\/div>\n<\/div>\n<\/div>\n\n\n\n<div style=\"height:100px\" aria-hidden=\"true\" class=\"wp-block-spacer\"><\/div>\n\n\n\n<div class=\"wp-block-group alignfull has-ast-global-color-6-background-color has-background is-layout-constrained wp-container-core-group-is-layout-45b0ac4f wp-block-group-is-layout-constrained\" id=\"services\" style=\"padding-top:144px;padding-bottom:0px\">\n<h2 class=\"wp-block-heading\" id=\"vorhaben\">Unser Vorhaben<\/h2>\n\n\n\n<p>Das vom <strong>Bundesministerium f\u00fcr Bildung und Forschung (BMBF)<\/strong> gef\u00f6rderte Projekt <strong>CMS4VENT<\/strong> verfolgt das Ziel, Tierversuche in der Entwicklung und Bewertung von Beatmungstechnologien durch den Einsatz digitaler Patient:innenmodelle zu reduzieren bzw. zuk\u00fcnftig g\u00e4nzlich zu vermeiden.<\/p>\n\n\n\n<p>In der Medizintechnik gewinnt die <strong>Computational Modeling &amp; Simulation (CM&amp;S)<\/strong> zunehmend an Bedeutung. W\u00e4hrend in der Pharmabranche bereits sogenannte <strong>In silico Trials<\/strong> \u2013 also digitale Simulationen \u2013 als etablierte Methode zur pr\u00e4klinischen Bewertung neuer Therapien dienen, fehlen in der Medizintechnik bislang entsprechende normative und regulatorische Rahmenbedingungen.<\/p>\n\n\n\n<p>CMS4VENT adressiert diese Herausforderung durch zwei zentrale Schwerpunkte:<br><\/p>\n\n\n\n<div class=\"wp-block-columns is-layout-flex wp-container-core-columns-is-layout-60cbf9bb wp-block-columns-is-layout-flex\" style=\"margin-top:50px\">\n<div class=\"wp-block-column is-layout-flow wp-container-core-column-is-layout-6b73ce23 wp-block-column-is-layout-flow\">\n<figure class=\"wp-block-image size-full is-style-default\"><img loading=\"lazy\" decoding=\"async\" width=\"2560\" height=\"1708\" src=\"https:\/\/cms4vent.de\/wp-content\/uploads\/2025\/03\/standard-quality-control-concept-m-scaled.jpg\" alt=\"\" class=\"wp-image-70\" srcset=\"https:\/\/cms4vent.de\/wp-content\/uploads\/2025\/03\/standard-quality-control-concept-m-scaled.jpg 2560w, https:\/\/cms4vent.de\/wp-content\/uploads\/2025\/03\/standard-quality-control-concept-m-300x200.jpg 300w, https:\/\/cms4vent.de\/wp-content\/uploads\/2025\/03\/standard-quality-control-concept-m-1024x683.jpg 1024w, https:\/\/cms4vent.de\/wp-content\/uploads\/2025\/03\/standard-quality-control-concept-m-768x513.jpg 768w, https:\/\/cms4vent.de\/wp-content\/uploads\/2025\/03\/standard-quality-control-concept-m-1536x1025.jpg 1536w, https:\/\/cms4vent.de\/wp-content\/uploads\/2025\/03\/standard-quality-control-concept-m-2048x1367.jpg 2048w\" sizes=\"auto, (max-width: 2560px) 100vw, 2560px\" \/><\/figure>\n\n\n\n<h3 class=\"wp-block-heading\" style=\"margin-top:16px\"><strong>Regulatorischer Rahmen f\u00fcr CM&amp;S-Methoden<\/strong><\/h3>\n\n\n\n<p>Auf europ\u00e4ischer Ebene wird an der Entwicklung eines normativen und regulatorischen Rahmens f\u00fcr den Einsatz von CM&amp;S-Methoden in der vorklinischen Bewertung von Medizinprodukten mitgewirkt. Dies soll eine verl\u00e4ssliche Grundlage f\u00fcr die Anwendung digitaler Simulationen in der Medizintechnik schaffen.<\/p>\n<\/div>\n\n\n\n<div class=\"wp-block-column is-layout-flow wp-container-core-column-is-layout-6b73ce23 wp-block-column-is-layout-flow\">\n<figure class=\"wp-block-image size-full\"><img loading=\"lazy\" decoding=\"async\" width=\"2560\" height=\"1706\" src=\"https:\/\/cms4vent.de\/wp-content\/uploads\/2025\/03\/hand-medical-glove-pointing-virtual-screen-medical-technology-scaled.jpg\" alt=\"\" class=\"wp-image-71\" srcset=\"https:\/\/cms4vent.de\/wp-content\/uploads\/2025\/03\/hand-medical-glove-pointing-virtual-screen-medical-technology-scaled.jpg 2560w, https:\/\/cms4vent.de\/wp-content\/uploads\/2025\/03\/hand-medical-glove-pointing-virtual-screen-medical-technology-300x200.jpg 300w, https:\/\/cms4vent.de\/wp-content\/uploads\/2025\/03\/hand-medical-glove-pointing-virtual-screen-medical-technology-1024x683.jpg 1024w, https:\/\/cms4vent.de\/wp-content\/uploads\/2025\/03\/hand-medical-glove-pointing-virtual-screen-medical-technology-768x512.jpg 768w, https:\/\/cms4vent.de\/wp-content\/uploads\/2025\/03\/hand-medical-glove-pointing-virtual-screen-medical-technology-1536x1024.jpg 1536w, https:\/\/cms4vent.de\/wp-content\/uploads\/2025\/03\/hand-medical-glove-pointing-virtual-screen-medical-technology-2048x1365.jpg 2048w\" sizes=\"auto, (max-width: 2560px) 100vw, 2560px\" \/><\/figure>\n\n\n\n<h3 class=\"wp-block-heading\" style=\"margin-top:16px\"><strong>Digitaler Patient:innensimulator f\u00fcr die Beatmung<\/strong><\/h3>\n\n\n\n<p>Durch die Entwicklung eines verifizierten und validierten digitalen Simulators sollen Tierversuche in der Beatmungsforschung weitestgehend ersetzt werden. Dies erm\u00f6glicht eine pr\u00e4zisere, ethisch vertretbare und ressourcenschonende pr\u00e4klinische Bewertung innovativer Beatmungstechnologien.<\/p>\n<\/div>\n<\/div>\n\n\n\n<p><\/p>\n\n\n\n<p><\/p>\n\n\n\n<p><br><br>Mit CMS4VENT wird ein entscheidender Schritt in Richtung <strong>digital gest\u00fctzter, tierversuchsfreier Medizintechnik<\/strong> unternommen \u2013 f\u00fcr eine effizientere, sicherere und ethisch nachhaltigere Entwicklung neuer Beatmungsl\u00f6sungen.<\/p>\n\n\n\n<div style=\"height:200px\" aria-hidden=\"true\" class=\"wp-block-spacer\"><\/div>\n<\/div>\n\n\n\n<div class=\"wp-block-group alignfull has-ast-global-color-5-background-color has-background is-layout-constrained wp-container-core-group-is-layout-94d206d0 wp-block-group-is-layout-constrained\" id=\"about\" style=\"padding-top:143px;padding-bottom:144px\">\n<div class=\"wp-block-columns is-layout-flex wp-container-core-columns-is-layout-28f84493 wp-block-columns-is-layout-flex\">\n<div class=\"wp-block-column is-layout-flow wp-block-column-is-layout-flow\" style=\"flex-basis:100%\">\n<div class=\"inherit-container-width wp-block-group is-layout-constrained wp-container-core-group-is-layout-47ce07ec wp-block-group-is-layout-constrained\" style=\"padding-right:80px\">\n<h2 class=\"wp-block-heading has-x-large-font-size\" id=\"konsortium\" style=\"padding-right:0px\">Konsortium<\/h2>\n\n\n\n<p class=\"has-text-align-left has-medium-font-size\"><br>Unser Projektvorhaben vereint wissenschaftliche, regulatorische und klinsiche Expertise, um mit CMS4VENT die Zukunft der digitalen Patient:innensimulation in der Medizintechnik zu gestalten.<\/p>\n\n\n\n<details class=\"wp-block-details is-layout-flow wp-block-details-is-layout-flow\"><summary><strong>Universit\u00e4tsklinikum Schleswig-Holstein (UKSH)<\/strong><\/summary>\n<p>Als eines der gr\u00f6\u00dften medizinischen Zentren Europas verbindet das <strong>UKSH<\/strong> exzellente Krankenversorgung mit Forschung und Lehre. Die enge Zusammenarbeit mit der <strong>Christian-Albrechts-Universit\u00e4t zu Kiel<\/strong> und der <strong>Universit\u00e4t zu L\u00fcbeck<\/strong> erm\u00f6glicht die direkte <strong>Translation wissenschaftlicher Erkenntnisse in die klinische Praxis<\/strong>. Mit 85 Kliniken und Instituten bietet das UKSH umfassende Expertise in der modernen Medizin und stellt eine hochspezialisierte, interdisziplin\u00e4re Patientenversorgung sicher.<\/p>\n<\/details>\n\n\n\n<details class=\"wp-block-details is-layout-flow wp-block-details-is-layout-flow\"><summary><strong>Institut f\u00fcr Medizinische Elektrotechnik (IME)<\/strong> der <strong>Universit\u00e4t zu L\u00fcbeck (UzL)<\/strong><\/summary>\n<p>Die Universit\u00e4t zu L\u00fcbeck ist eine auf Medizin, Informatik\/Technik und Lebenswissenschaften spezialisierte Hochschule mit einem starken Fokus auf <strong>K\u00fcnstliche Intelligenz in der Medizin<\/strong>. Das <strong>Institut f\u00fcr Medizinische Elektrotechnik<\/strong> unter der Leitung von <strong>Prof. Dr. Philipp Rostalski<\/strong> bringt umfassende Expertise in der <strong>modellgest\u00fctzten Entwicklung physiologischer Regelkreise<\/strong> sowie der <strong>Analyse biomedizinischer Signale<\/strong> ein. Ein besonderer Forschungs-Schwerpunkt liegt auf der k\u00fcnstlichen Beatmung. &nbsp;<\/p>\n<\/details>\n\n\n\n<details class=\"wp-block-details is-layout-flow wp-block-details-is-layout-flow\"><summary><strong>Fraunhofer-Einrichtung f\u00fcr Individualisierte und Zellbasierte Medizintechnik (IMTE)<\/strong><br><\/summary>\n<p>Das <strong>Fraunhofer IMTE<\/strong> in L\u00fcbeck entwickelt innovative medizinische Prototypen f\u00fcr Diagnose und Therapie. Mit interdisziplin\u00e4rer Kompetenz in <strong>Bildgebung, Automatisierung, KI, Mechatronik und Medizinprodukterecht<\/strong> ist das Institut ein wichtiger Partner f\u00fcr die Medizintechnikbranche. <strong>Prof. Dr. Folker Spitzenberger<\/strong>, Leiter des Bereichs Regulatory Affairs, bringt jahrzehntelange Erfahrung in der <strong>Medizinproduktezulassung und Normung<\/strong> ein und ist zudem Leiter des <strong>Centre for Regulatory Affairs in Biomedical Sciences<\/strong> an der Technischen Hochschule L\u00fcbeck.<\/p>\n<\/details>\n\n\n\n<div style=\"height:50px\" aria-hidden=\"true\" class=\"wp-block-spacer\"><\/div>\n\n\n\n<ul class=\"wp-block-list\"><\/ul>\n<\/div>\n<\/div>\n\n\n\n<div class=\"wp-block-column is-layout-flow wp-block-column-is-layout-flow\" style=\"flex-basis:50%\">\n<p><\/p>\n\n\n\n<figure class=\"wp-block-image size-full has-custom-border\"><img loading=\"lazy\" decoding=\"async\" width=\"2560\" height=\"1920\" src=\"https:\/\/cms4vent.de\/wp-content\/uploads\/2025\/08\/20240326_Gruppenfoto-2-scaled.jpg\" alt=\"\" class=\"wp-image-280\" style=\"border-width:2px\" srcset=\"https:\/\/cms4vent.de\/wp-content\/uploads\/2025\/08\/20240326_Gruppenfoto-2-scaled.jpg 2560w, https:\/\/cms4vent.de\/wp-content\/uploads\/2025\/08\/20240326_Gruppenfoto-2-300x225.jpg 300w, https:\/\/cms4vent.de\/wp-content\/uploads\/2025\/08\/20240326_Gruppenfoto-2-1024x768.jpg 1024w, https:\/\/cms4vent.de\/wp-content\/uploads\/2025\/08\/20240326_Gruppenfoto-2-768x576.jpg 768w, https:\/\/cms4vent.de\/wp-content\/uploads\/2025\/08\/20240326_Gruppenfoto-2-1536x1152.jpg 1536w, https:\/\/cms4vent.de\/wp-content\/uploads\/2025\/08\/20240326_Gruppenfoto-2-2048x1536.jpg 2048w\" sizes=\"auto, (max-width: 2560px) 100vw, 2560px\" \/><figcaption class=\"wp-element-caption\">v.l.n.r.: Dr. Helene Selpien (UKSH), Georg M\u00e4nnel (IMTE), Prof. Dr. Dirk Sch\u00e4dler (UKSH),<br>Dr. Franziska Bilda (IME), Prof. Dr. Philipp Rostalski (IME), Carlotta Hennigs (IMTE), Charlott Danielson (IMTE),<br><br>auf dem Bild fehlen: Prof. Dr. Folker Spitzenberger (IMTE), Niklas Hackelberg (IMTE)<br><\/figcaption><\/figure>\n\n\n\n<ul class=\"wp-block-list\"><\/ul>\n<\/div>\n<\/div>\n\n\n\n<div style=\"height:100px\" aria-hidden=\"true\" class=\"wp-block-spacer\"><\/div>\n<\/div>\n\n\n\n<p><\/p>\n\n\n\n<div class=\"wp-block-group alignfull has-ast-global-color-6-background-color has-background is-layout-constrained wp-container-core-group-is-layout-6a2cfb7b wp-block-group-is-layout-constrained\" id=\"reviews\">\n<figure class=\"wp-block-image aligncenter size-medium is-resized has-custom-border is-style-rounded\"><img loading=\"lazy\" decoding=\"async\" width=\"300\" height=\"200\" src=\"https:\/\/cms4vent.de\/wp-content\/uploads\/2025\/03\/PhilipRostalski-300x200.jpg\" alt=\"\" class=\"has-border-color has-ast-global-color-3-border-color wp-image-159\" style=\"border-width:3px;object-fit:cover;width:100px;height:100px\" srcset=\"https:\/\/cms4vent.de\/wp-content\/uploads\/2025\/03\/PhilipRostalski-300x200.jpg 300w, https:\/\/cms4vent.de\/wp-content\/uploads\/2025\/03\/PhilipRostalski.jpg 320w\" sizes=\"auto, (max-width: 300px) 100vw, 300px\" \/><\/figure>\n\n\n\n<p class=\"has-text-align-center has-ast-global-color-5-background-color has-background\" style=\"font-size:22px;line-height:1.6\">\u00bbDie Intelligenten Assistenz- und Automatisierungsfunktionen in modernen Beatmungssystemen erfordern aktuell oft umfangreiche Tierversuche, um die Sicherheit und Zuverl\u00e4ssigkeit von Medizinprodukten nachzuweisen. Unser Ziel ist es, diese Tierversuche m\u00f6glichst vollst\u00e4ndig zu ersetzen, indem wir verifizierte und validierte digitale Patient*innenmodelle einsetzen. Dadurch k\u00f6nnen pr\u00e4klinische Evaluierungen signifikant beschleunigt und ethische Bedenken reduziert werden.\u00ab<\/p>\n\n\n\n<p class=\"has-text-align-center\">Prof. Dr.-Ing. <strong>PHILIPP ROSTALSKI<\/strong><\/p>\n\n\n\n<div style=\"height:100px\" aria-hidden=\"true\" class=\"wp-block-spacer\"><\/div>\n<\/div>\n\n\n\n<div class=\"wp-block-group alignfull opacity:0.5; has-cyan-bluish-gray-background-color has-background is-layout-constrained wp-container-core-group-is-layout-cfcca693 wp-block-group-is-layout-constrained\" id=\"contact\" style=\"padding-top:104px;padding-bottom:104px\">\n<h2 class=\"wp-block-heading alignwide has-text-align-center has-white-color has-text-color\">Interesse geweckt?<\/h2>\n\n\n\n<h6 class=\"wp-block-heading has-text-align-center has-ast-global-color-4-color has-text-color has-link-color has-small-font-size wp-elements-fe33b2f70ea42efb7fb5836b3c4af7da\"><strong>Kontaktieren sie uns gerne unter:<\/strong><\/h6>\n\n\n\n<h5 class=\"wp-block-heading has-text-align-center has-ast-global-color-5-color has-text-color has-link-color wp-elements-b85e222f53fdcae436be19b3366a91ac\"><strong><code>cms4vent@imte.fraunhofer.de<\/code><\/strong><\/h5>\n<\/div>\n\n\n\n<p><\/p>\n","protected":false},"excerpt":{"rendered":"<p>Tierversuche reduzieren durch die Etablierun von In silico Trials als Alternative zum Tierversuch (im Sinne des 3R-Konzeptes). Automatisierungbeschleunigen durch den [&hellip;]<\/p>\n","protected":false},"author":4,"featured_media":0,"parent":0,"menu_order":0,"comment_status":"closed","ping_status":"closed","template":"","meta":{"site-sidebar-layout":"no-sidebar","site-content-layout":"plain-container","ast-site-content-layout":"default","site-content-style":"default","site-sidebar-style":"default","ast-global-header-display":"","ast-banner-title-visibility":"","ast-main-header-display":"","ast-hfb-above-header-display":"","ast-hfb-below-header-display":"","ast-hfb-mobile-header-display":"","site-post-title":"disabled","ast-breadcrumbs-content":"","ast-featured-img":"","footer-sml-layout":"","ast-disable-related-posts":"","theme-transparent-header-meta":"enabled","adv-header-id-meta":"","stick-header-meta":"","header-above-stick-meta":"","header-main-stick-meta":"","header-below-stick-meta":"","astra-migrate-meta-layouts":"default","ast-page-background-enabled":"default","ast-page-background-meta":{"desktop":{"background-color":"var(--ast-global-color-5)","background-image":"","background-repeat":"repeat","background-position":"center center","background-size":"auto","background-attachment":"scroll","background-type":"","background-media":"","overlay-type":"","overlay-color":"","overlay-opacity":"","overlay-gradient":""},"tablet":{"background-color":"","background-image":"","background-repeat":"repeat","background-position":"center center","background-size":"auto","background-attachment":"scroll","background-type":"","background-media":"","overlay-type":"","overlay-color":"","overlay-opacity":"","overlay-gradient":""},"mobile":{"background-color":"","background-image":"","background-repeat":"repeat","background-position":"center center","background-size":"auto","background-attachment":"scroll","background-type":"","background-media":"","overlay-type":"","overlay-color":"","overlay-opacity":"","overlay-gradient":""}},"ast-content-background-meta":{"desktop":{"background-color":"var(--ast-global-color-4)","background-image":"","background-repeat":"repeat","background-position":"center center","background-size":"auto","background-attachment":"scroll","background-type":"","background-media":"","overlay-type":"","overlay-color":"","overlay-opacity":"","overlay-gradient":""},"tablet":{"background-color":"var(--ast-global-color-4)","background-image":"","background-repeat":"repeat","background-position":"center center","background-size":"auto","background-attachment":"scroll","background-type":"","background-media":"","overlay-type":"","overlay-color":"","overlay-opacity":"","overlay-gradient":""},"mobile":{"background-color":"var(--ast-global-color-4)","background-image":"","background-repeat":"repeat","background-position":"center center","background-size":"auto","background-attachment":"scroll","background-type":"","background-media":"","overlay-type":"","overlay-color":"","overlay-opacity":"","overlay-gradient":""}},"footnotes":""},"class_list":["post-18","page","type-page","status-publish","hentry"],"_links":{"self":[{"href":"https:\/\/cms4vent.de\/index.php?rest_route=\/wp\/v2\/pages\/18","targetHints":{"allow":["GET"]}}],"collection":[{"href":"https:\/\/cms4vent.de\/index.php?rest_route=\/wp\/v2\/pages"}],"about":[{"href":"https:\/\/cms4vent.de\/index.php?rest_route=\/wp\/v2\/types\/page"}],"author":[{"embeddable":true,"href":"https:\/\/cms4vent.de\/index.php?rest_route=\/wp\/v2\/users\/4"}],"replies":[{"embeddable":true,"href":"https:\/\/cms4vent.de\/index.php?rest_route=%2Fwp%2Fv2%2Fcomments&post=18"}],"version-history":[{"count":106,"href":"https:\/\/cms4vent.de\/index.php?rest_route=\/wp\/v2\/pages\/18\/revisions"}],"predecessor-version":[{"id":308,"href":"https:\/\/cms4vent.de\/index.php?rest_route=\/wp\/v2\/pages\/18\/revisions\/308"}],"wp:attachment":[{"href":"https:\/\/cms4vent.de\/index.php?rest_route=%2Fwp%2Fv2%2Fmedia&parent=18"}],"curies":[{"name":"wp","href":"https:\/\/api.w.org\/{rel}","templated":true}]}}